{"id":535,"date":"2025-04-30T16:23:08","date_gmt":"2025-04-30T16:23:08","guid":{"rendered":"http:\/\/localhost:10028\/?page_id=535"},"modified":"2025-06-12T16:40:06","modified_gmt":"2025-06-12T16:40:06","slug":"taxi-booking","status":"publish","type":"page","link":"https:\/\/www.intermaxrentacar.rs\/en\/taxi-booking\/","title":{"rendered":"Car reservation"},"content":{"rendered":"<div data-elementor-type=\"wp-page\" data-elementor-id=\"535\" class=\"elementor elementor-535\">\n\t\t\t\t<div class=\"elementor-element elementor-element-8cbc707 e-con-full e-flex e-con e-parent\" data-id=\"8cbc707\" data-element_type=\"container\">\n\t\t\t\t<div class=\"elementor-element elementor-element-6739477 elementor-widget elementor-widget-cityride-contact-form\" data-id=\"6739477\" data-element_type=\"widget\" data-widget_type=\"cityride-contact-form.default\">\n\t\t\t\t<div class=\"elementor-widget-container\">\n\t\t\t\t\t\t<section class=\"taxi-booking-page section-space\">\r\n\t\t<div class=\"container\">\r\n\t\t\t<div class=\"taxi-booking-page__inner\">\r\n\t\t\t\t<div class=\"taxi-booking-page__inner__bg\" style=\"background-image: url(https:\/\/www.intermaxrentacar.rs\/wp-content\/uploads\/2025\/04\/taxi-booking-form-bg-1-1-2.png);\"><\/div><!-- \/.taxi-booking-page__form__bg -->\r\n\t\t\t\t<div class=\"row gutter-y-50\">\r\n\t\t\t\t\t<div class=\"col-xl-5 col-xl-5 wow fadeInLeft\" data-wow-duration=\"1500ms\">\r\n\t\t\t\t\t\t<div class=\"taxi-booking-page__image\">\r\n\t\t\t\t\t\t\t<img decoding=\"async\" src=\"https:\/\/www.intermaxrentacar.rs\/wp-content\/uploads\/2025\/05\/logo.jpg\" alt=\"logo\" title=\"logo\" >\t\t\t\t\t\t<\/div><!-- \/.taxi-booking-page__image -->\r\n\t\t\t\t\t<\/div><!-- \/.col-xxl-8 col-xl-7 -->\r\n\t\t\t\t\t<div class=\"col-xl-7 col-xl-7\">\r\n\t\t\t\t\t\t<div class=\"taxi-booking-page__form\">\r\n\t\t\t\t\t\t\t<div class=\"taxi-booking__form @@extraClassName\">\r\n\t\t\t\t\t\t\t\t<div class=\"taxi-booking__form__title\">\r\n\t\t\t\t\t\t\t\t\t<h3 class=\"taxi-booking__form__heading\">Book vehicle<\/h3><!-- \/.taxi-booking__form__heading -->\r\n\t\t\t\t\t\t\t\t<\/div><!-- \/.taxi-booking__form__title -->\r\n\t\t\t\t\t\t\t\t<div class=\"wpcf7 no-js\" id=\"wpcf7-f534-o1\" lang=\"en-US\" dir=\"ltr\" data-wpcf7-id=\"534\">\n<div class=\"screen-reader-response\"><p role=\"status\" aria-live=\"polite\" aria-atomic=\"true\"><\/p> <ul><\/ul><\/div>\n<form action=\"\/en\/wp-json\/wp\/v2\/pages\/535#wpcf7-f534-o1\" method=\"post\" class=\"wpcf7-form init\" aria-label=\"Contact form\" novalidate=\"novalidate\" data-status=\"init\" data-trp-original-action=\"\/en\/wp-json\/wp\/v2\/pages\/535#wpcf7-f534-o1\">\n<fieldset class=\"hidden-fields-container\"><input type=\"hidden\" name=\"_wpcf7\" value=\"534\" \/><input type=\"hidden\" name=\"_wpcf7_version\" value=\"6.1\" \/><input type=\"hidden\" name=\"_wpcf7_locale\" value=\"en_US\" \/><input type=\"hidden\" name=\"_wpcf7_unit_tag\" value=\"wpcf7-f534-o1\" \/><input type=\"hidden\" name=\"_wpcf7_container_post\" value=\"0\" \/><input type=\"hidden\" name=\"_wpcf7_posted_data_hash\" value=\"\" \/>\n<\/fieldset>\n<div class=\"taxi-booking__form__grid\">\n\n <div class=\"taxi-booking__form__control\">\n    <label for=\"your_name\">First &amp; Last name<\/label>\n    <div class=\"taxi-booking__form__field\">\n      <span class=\"wpcf7-form-control-wrap\" data-name=\"your_name\"><input size=\"40\" maxlength=\"400\" class=\"wpcf7-form-control wpcf7-text wpcf7-validates-as-required\" id=\"your_name\" aria-required=\"true\" aria-invalid=\"false\" placeholder=\"First &amp; Last name\" value=\"\" type=\"text\" name=\"your_name\" \/><\/span>\n      <span class=\"taxi-booking__form__icon\"><i class=\"icon-user\"><\/i><\/span>\n    <\/div>\n  <\/div>\n\n  <div class=\"taxi-booking__form__control\">\n    <label for=\"your_phone\">Phone<\/label>\n    <div class=\"taxi-booking__form__field\">\n      <span class=\"wpcf7-form-control-wrap\" data-name=\"your_phone\"><input size=\"40\" maxlength=\"400\" class=\"wpcf7-form-control wpcf7-tel wpcf7-validates-as-required wpcf7-text wpcf7-validates-as-tel\" id=\"your_phone\" aria-required=\"true\" aria-invalid=\"false\" placeholder=\"Phone number\" value=\"\" type=\"tel\" name=\"your_phone\" \/><\/span>\n      <span class=\"taxi-booking__form__icon\"><i class=\"fa fa-phone\"><\/i><\/span>\n    <\/div>\n  <\/div>\n\n  <div class=\"taxi-booking__form__control\">\n    <label for=\"pick_up_location\">Pickup location<\/label>\n    <div class=\"taxi-booking__form__field\">\n      <span class=\"wpcf7-form-control-wrap\" data-name=\"pick_up_location\"><input size=\"40\" maxlength=\"400\" class=\"wpcf7-form-control wpcf7-text wpcf7-validates-as-required address-autocomplete\" id=\"pick_up_location\" aria-required=\"true\" aria-invalid=\"false\" placeholder=\"Enter address\" value=\"\" type=\"text\" name=\"pick_up_location\" \/><\/span>\n      <span class=\"taxi-booking__form__icon\"><i class=\"icon-location\"><\/i><\/span>\n    <\/div>\n  <\/div>\n\n  <div class=\"taxi-booking__form__control\">\n    <label for=\"drop_off_location\">Return location<\/label>\n    <div class=\"taxi-booking__form__field\">\n      <span class=\"wpcf7-form-control-wrap\" data-name=\"drop_off_location\"><input size=\"40\" maxlength=\"400\" class=\"wpcf7-form-control wpcf7-text wpcf7-validates-as-required address-autocomplete\" id=\"drop_off_location\" aria-required=\"true\" aria-invalid=\"false\" placeholder=\"Enter address\" value=\"\" type=\"text\" name=\"drop_off_location\" \/><\/span>\n      <span class=\"taxi-booking__form__icon\"><i class=\"icon-location\"><\/i><\/span>\n    <\/div>\n  <\/div>\n\n  <div class=\"taxi-booking__form__control\">\n    <label for=\"pick_up_date\">Pickup date<\/label>\n    <div class=\"taxi-booking__form__field\">\n      <span class=\"wpcf7-form-control-wrap\" data-name=\"pick_up_date\"><input class=\"wpcf7-form-control wpcf7-date wpcf7-validates-as-required wpcf7-validates-as-date\" id=\"pick_up_date\" aria-required=\"true\" aria-invalid=\"false\" value=\"\" type=\"date\" name=\"pick_up_date\" \/><\/span>\n      <span class=\"taxi-booking__form__icon\"><i class=\"icon-calendar\"><\/i><\/span>\n    <\/div>\n  <\/div>\n\n  <div class=\"taxi-booking__form__control\">\n    <label for=\"pick_up_time\">Pickup time<\/label>\n    <div class=\"taxi-booking__form__field\">\n      <select id=\"pick_up_time\" name=\"pick_up_time\" required>\n        <option value=\"00:00\">00:00<\/option><option value=\"00:30\">00:30<\/option>\n        <option value=\"01:00\">01:00<\/option><option value=\"01:30\">01:30<\/option>\n        <option value=\"02:00\">02:00<\/option><option value=\"02:30\">02:30<\/option>\n        <option value=\"03:00\">03:00<\/option><option value=\"03:30\">03:30<\/option>\n        <option value=\"04:00\">04:00<\/option><option value=\"04:30\">04:30<\/option>\n        <option value=\"05:00\">05:00<\/option><option value=\"05:30\">05:30<\/option>\n        <option value=\"06:00\">06:00<\/option><option value=\"06:30\">06:30<\/option>\n        <option value=\"07:00\">07:00<\/option><option value=\"07:30\">07:30<\/option>\n        <option value=\"08:00\">08:00<\/option><option value=\"08:30\">08:30<\/option>\n        <option value=\"09:00\">09:00<\/option><option value=\"09:30\">09:30<\/option>\n        <option value=\"10:00\">10:00<\/option><option value=\"10:30\">10:30<\/option>\n        <option value=\"11:00\">11:00<\/option><option value=\"11:30\">11:30<\/option>\n        <option value=\"12:00\">12:00<\/option><option value=\"12:30\">12:30<\/option>\n        <option value=\"13:00\">13:00<\/option><option value=\"13:30\">13:30<\/option>\n        <option value=\"14:00\">14:00<\/option><option value=\"14:30\">14:30<\/option>\n        <option value=\"15:00\">15:00<\/option><option value=\"15:30\">15:30<\/option>\n        <option value=\"16:00\">16:00<\/option><option value=\"16:30\">16:30<\/option>\n        <option value=\"17:00\">17:00<\/option><option value=\"17:30\">17:30<\/option>\n        <option value=\"18:00\">18:00<\/option><option value=\"18:30\">18:30<\/option>\n        <option value=\"19:00\">19:00<\/option><option value=\"19:30\">19:30<\/option>\n        <option value=\"20:00\">20:00<\/option><option value=\"20:30\">20:30<\/option>\n        <option value=\"21:00\">21:00<\/option><option value=\"21:30\">21:30<\/option>\n        <option value=\"22:00\">22:00<\/option><option value=\"22:30\">22:30<\/option>\n        <option value=\"23:00\">23:00<\/option><option value=\"23:30\">23:30<\/option>\n      <\/select>\n      <span class=\"taxi-booking__form__icon\"><i class=\"icon-clock\"><\/i><\/span>\n    <\/div>\n  <\/div>\n\n  <div class=\"taxi-booking__form__control\">\n    <label for=\"drop_off_date\">Return date<\/label>\n    <div class=\"taxi-booking__form__field\">\n      <span class=\"wpcf7-form-control-wrap\" data-name=\"drop_off_date\"><input class=\"wpcf7-form-control wpcf7-date wpcf7-validates-as-required wpcf7-validates-as-date\" id=\"drop_off_date\" aria-required=\"true\" aria-invalid=\"false\" value=\"\" type=\"date\" name=\"drop_off_date\" \/><\/span>\n      <span class=\"taxi-booking__form__icon\"><i class=\"icon-calendar\"><\/i><\/span>\n    <\/div>\n  <\/div>\n\n  <div class=\"taxi-booking__form__control\">\n    <label for=\"drop_off_time\">Return time<\/label>\n    <div class=\"taxi-booking__form__field\">\n      <select id=\"drop_off_time\" name=\"drop_off_time\" required>\n        <option value=\"00:00\">00:00<\/option><option value=\"00:30\">00:30<\/option>\n        <option value=\"01:00\">01:00<\/option><option value=\"01:30\">01:30<\/option>\n        <option value=\"02:00\">02:00<\/option><option value=\"02:30\">02:30<\/option>\n        <option value=\"03:00\">03:00<\/option><option value=\"03:30\">03:30<\/option>\n        <option value=\"04:00\">04:00<\/option><option value=\"04:30\">04:30<\/option>\n        <option value=\"05:00\">05:00<\/option><option value=\"05:30\">05:30<\/option>\n        <option value=\"06:00\">06:00<\/option><option value=\"06:30\">06:30<\/option>\n        <option value=\"07:00\">07:00<\/option><option value=\"07:30\">07:30<\/option>\n        <option value=\"08:00\">08:00<\/option><option value=\"08:30\">08:30<\/option>\n        <option value=\"09:00\">09:00<\/option><option value=\"09:30\">09:30<\/option>\n        <option value=\"10:00\">10:00<\/option><option value=\"10:30\">10:30<\/option>\n        <option value=\"11:00\">11:00<\/option><option value=\"11:30\">11:30<\/option>\n        <option value=\"12:00\">12:00<\/option><option value=\"12:30\">12:30<\/option>\n        <option value=\"13:00\">13:00<\/option><option value=\"13:30\">13:30<\/option>\n        <option value=\"14:00\">14:00<\/option><option value=\"14:30\">14:30<\/option>\n        <option value=\"15:00\">15:00<\/option><option value=\"15:30\">15:30<\/option>\n        <option value=\"16:00\">16:00<\/option><option value=\"16:30\">16:30<\/option>\n        <option value=\"17:00\">17:00<\/option><option value=\"17:30\">17:30<\/option>\n        <option value=\"18:00\">18:00<\/option><option value=\"18:30\">18:30<\/option>\n        <option value=\"19:00\">19:00<\/option><option value=\"19:30\">19:30<\/option>\n        <option value=\"20:00\">20:00<\/option><option value=\"20:30\">20:30<\/option>\n        <option value=\"21:00\">21:00<\/option><option value=\"21:30\">21:30<\/option>\n        <option value=\"22:00\">22:00<\/option><option value=\"22:30\">22:30<\/option>\n        <option value=\"23:00\">23:00<\/option><option value=\"23:30\">23:30<\/option>\n      <\/select>\n      <span class=\"taxi-booking__form__icon\"><i class=\"icon-clock\"><\/i><\/span>\n    <\/div>\n  <\/div>\n\n  <div class=\"taxi-booking__form__control\">\n    <label for=\"days\">Days<\/label>\n    <div class=\"taxi-booking__form__field\">\n      <span class=\"wpcf7-form-control-wrap\" data-name=\"days\"><input class=\"wpcf7-form-control wpcf7-number wpcf7-validates-as-required wpcf7-validates-as-number readonly-days\" id=\"days\" min=\"1\" aria-required=\"true\" aria-invalid=\"false\" placeholder=\"Calculated automatically\" value=\"\" type=\"number\" name=\"days\" \/><\/span>\n    <\/div>\n  <\/div>\n\n  <div class=\"taxi-booking__form__control\">\n    <label for=\"vehicle\">Select vehicle<\/label>\n    <div class=\"taxi-booking__form__field\">\n      <span class=\"wpcf7-form-control-wrap\" data-name=\"vehicle\"><select class=\"wpcf7-form-control wpcf7-select wpcf7-validates-as-required\" id=\"vehicle\" aria-required=\"true\" aria-invalid=\"false\" name=\"vehicle\"><option value=\"\u0160koda Superb 2021\">What A Wonderful Day 2021<\/option><option value=\"Mercedes E-Klasa 2019\">Mercedes E-Class Of 2019<\/option><option value=\"Mercedes Vito 2021 (8+1)\">Mercedes Vito 2021 (8+1)<\/option><option value=\"Mercedes V Klasa 2023 (6+1)\">Mercedes V Class 2023 (6+1)<\/option><option value=\"Mercedes V Klasa 2023 (7+1)\">Mercedes V Class 2023 (7+1)<\/option><\/select><\/span>\n    <span class=\"taxi-booking__form__icon\"><i class=\"icon-car\"><\/i><\/span>\n    <\/div>\n  <\/div>\n\n  <div class=\"taxi-booking__form__control\">\n    <label for=\"total_price\">Total price<\/label>\n    <div class=\"taxi-booking__form__field\">\n      <p id=\"total_price\">Cena: \u20ac0<\/p>\n    <\/div>\n  <\/div>\n\n  <div class=\"taxi-booking__form__control taxi-booking__form__control--btn\">\n    <button type=\"submit\" class=\"taxi-booking__form__btn cityride-btn\">\n      <span class=\"cityride-btn__icon\"><i class=\"icon-front-car\"><\/i><\/span>\n      <span>Book vehicle<\/span>\n    <\/button>\n  <\/div>\n<\/div>\n\n<style>\n  input.readonly-days {\n    pointer-events: none;\n    background-color: #f5f5f5;\n  }\n<\/style>\n\n<script>\n  document.addEventListener('DOMContentLoaded', function () {\n    updatePrice();\n    calculateDays();\n  });\n\n  document.getElementById('vehicle').addEventListener('change', updatePrice);\n  document.getElementById('days').addEventListener('input', updatePrice);\n  document.getElementById('pick_up_date').addEventListener('change', calculateDays);\n  document.getElementById('drop_off_date').addEventListener('change', calculateDays);\n\n  function calculateDays() {\n    const pickUpDate = document.getElementById('pick_up_date').value;\n    const dropOffDate = document.getElementById('drop_off_date').value;\n\n    if (pickUpDate && dropOffDate) {\n      const start = new Date(pickUpDate);\n      const end = new Date(dropOffDate);\n      const diffTime = end - start;\n      const diffDays = Math.ceil(diffTime \/ (1000 * 60 * 60 * 24));\n\n      if (diffDays > 0) {\n        document.getElementById('days').value = diffDays;\n        updatePrice();\n      } else {\n        document.getElementById('days').value = '';\n        document.getElementById('total_price').innerText = 'Cena: \u20ac0';\n      }\n    }\n  }\n\n  function updatePrice() {\n    const vehicle = document.getElementById('vehicle').value;\n    const days = parseInt(document.getElementById('days').value);\n    let pricePerDay = 0;\n\n    switch (vehicle) {\n      case '\u0160koda Superb 2021': pricePerDay = 80; break;\n      case 'Mercedes E-Klasa 2019': pricePerDay = 110; break;\n      case 'Mercedes Vito 2021 (8+1)': pricePerDay = 120; break;\n      case 'Mercedes V Klasa 2023 (6+1)': pricePerDay = 140; break;\n      case 'Mercedes V Klasa 2023 (7+1)': pricePerDay = 140; break;\n    }\n\n    if (!days || days <= 0) {\n      document.getElementById('total_price').innerText = 'Cena: \u20ac0';\n      return;\n    }\n\n    let totalPrice = pricePerDay * days;\n    if (days >= 5) totalPrice *= 0.9;\n\n    document.getElementById('total_price').innerText = `Cena: \u20ac${totalPrice.toFixed(2)}`;\n  }\n<\/script>\n\n<script src=\"https:\/\/maps.googleapis.com\/maps\/api\/js?key=AIzaSyBglN-gvYjWNEavgUg0uK9KyXCS3a789S8&libraries=places\" onload=\"initAutocomplete()\"><\/script>\n\n\n<script>\n  function initAutocomplete() {\n    const inputs = document.querySelectorAll('.address-autocomplete');\n    inputs.forEach(input => {\n      new google.maps.places.Autocomplete(input, {\n        types: ['geocode'],\n        componentRestrictions: { country: 'rs' }\n      });\n    });\n  }\n\n  document.addEventListener('DOMContentLoaded', () => {\n    if (typeof google !== 'undefined') {\n      initAutocomplete();\n    } else {\n      const interval = setInterval(() => {\n        if (typeof google !== 'undefined') {\n          clearInterval(interval);\n          initAutocomplete();\n        }\n      }, 500);\n    }\n  });\n<\/script>\n\n<script>\ndocument.addEventListener('DOMContentLoaded', function () {\n  const phoneInput = document.getElementById('your_phone');\n  if (phoneInput) {\n    phoneInput.addEventListener('input', function () {\n      this.value = this.value.replace(\/[^0-9+]\/g, '');\n    });\n  }\n});\n<\/script><p style=\"display: none !important;\" class=\"akismet-fields-container\" data-prefix=\"_wpcf7_ak_\"><label>&#916;<textarea name=\"_wpcf7_ak_hp_textarea\" cols=\"45\" rows=\"8\" maxlength=\"100\"><\/textarea><\/label><input type=\"hidden\" id=\"ak_js_1\" name=\"_wpcf7_ak_js\" value=\"78\"\/><script>document.getElementById( \"ak_js_1\" ).setAttribute( \"value\", ( new Date() ).getTime() );<\/script><\/p><div class=\"wpcf7-response-output\" aria-hidden=\"true\"><\/div>\n<input type=\"hidden\" name=\"trp-form-language\" value=\"en\"\/><\/form>\n<\/div>\t\t\t\t\t\t\t<\/div><!-- \/.taxi-booking__form -->\r\n\t\t\t\t\t\t<\/div><!-- \/.taxi-booking-page__form -->\r\n\t\t\t\t\t<\/div><!-- \/.col-xxl-4 col-xl-5 -->\r\n\t\t\t\t<\/div><!-- \/.row -->\r\n\t\t\t<\/div><!-- \/.taxi-booking-page__inner -->\r\n\t\t<\/div><!-- \/.container -->\r\n\t<\/section><!-- \/.taxi-booking-page section-space -->\r\n\t\t\t\t<\/div>\n\t\t\t\t<\/div>\n\t\t\t\t<\/div>\n\t\t\t\t<\/div>","protected":false},"excerpt":{"rendered":"<p>Rezervi\u0161ite vozilo Lokacija preuzimanja Lokacija vra\u0107anja Datum preuzimanja Datum vra\u0107anja Izaberite vozilo \u0160koda Superb 2021Mercedes E-Klasa 2019Mercedes Vito 2021 (8+1)Mercedes V Klasa 2023 (6+1)Mercedes V Klasa 2023 (7+1) Rezervi\u0161ite vozilo<\/p>","protected":false},"author":1,"featured_media":0,"parent":0,"menu_order":0,"comment_status":"closed","ping_status":"closed","template":"elementor_header_footer","meta":{"footnotes":""},"class_list":["post-535","page","type-page","status-publish","hentry"],"yoast_head":"<!-- This site is optimized with the Yoast SEO plugin v25.4 - https:\/\/yoast.com\/wordpress\/plugins\/seo\/ -->\n<title>Rezervacija vozila - Intermax Rent A Car<\/title>\n<meta name=\"robots\" content=\"index, follow, max-snippet:-1, max-image-preview:large, max-video-preview:-1\" \/>\n<link rel=\"canonical\" href=\"https:\/\/www.intermaxrentacar.rs\/en\/taxi-booking\/\" \/>\n<meta property=\"og:locale\" content=\"en_US\" \/>\n<meta property=\"og:type\" content=\"article\" \/>\n<meta property=\"og:title\" content=\"Rezervacija vozila - Intermax Rent A Car\" \/>\n<meta property=\"og:description\" content=\"Rezervi\u0161ite vozilo Lokacija preuzimanja Lokacija vra\u0107anja Datum preuzimanja Datum vra\u0107anja Izaberite vozilo \u0160koda Superb 2021Mercedes E-Klasa 2019Mercedes Vito 2021 (8+1)Mercedes V Klasa 2023 (6+1)Mercedes V Klasa 2023 (7+1) Rezervi\u0161ite vozilo\" \/>\n<meta property=\"og:url\" content=\"https:\/\/www.intermaxrentacar.rs\/en\/taxi-booking\/\" \/>\n<meta property=\"og:site_name\" content=\"Intermax Rent A Car\" \/>\n<meta property=\"article:modified_time\" content=\"2025-06-12T16:40:06+00:00\" \/>\n<meta property=\"og:image\" content=\"https:\/\/www.intermaxrentacar.rs\/wp-content\/uploads\/2025\/05\/logo.jpg\" \/>\n<meta name=\"twitter:card\" content=\"summary_large_image\" \/>\n<script type=\"application\/ld+json\" class=\"yoast-schema-graph\">{\"@context\":\"https:\/\/schema.org\",\"@graph\":[{\"@type\":\"WebPage\",\"@id\":\"https:\/\/www.intermaxrentacar.rs\/taxi-booking\/\",\"url\":\"https:\/\/www.intermaxrentacar.rs\/taxi-booking\/\",\"name\":\"Rezervacija vozila - Intermax Rent A Car\",\"isPartOf\":{\"@id\":\"https:\/\/www.intermaxrentacar.rs\/#website\"},\"primaryImageOfPage\":{\"@id\":\"https:\/\/www.intermaxrentacar.rs\/taxi-booking\/#primaryimage\"},\"image\":{\"@id\":\"https:\/\/www.intermaxrentacar.rs\/taxi-booking\/#primaryimage\"},\"thumbnailUrl\":\"https:\/\/www.intermaxrentacar.rs\/wp-content\/uploads\/2025\/05\/logo.jpg\",\"datePublished\":\"2025-04-30T16:23:08+00:00\",\"dateModified\":\"2025-06-12T16:40:06+00:00\",\"breadcrumb\":{\"@id\":\"https:\/\/www.intermaxrentacar.rs\/taxi-booking\/#breadcrumb\"},\"inLanguage\":\"en-US\",\"potentialAction\":[{\"@type\":\"ReadAction\",\"target\":[\"https:\/\/www.intermaxrentacar.rs\/taxi-booking\/\"]}]},{\"@type\":\"ImageObject\",\"inLanguage\":\"en-US\",\"@id\":\"https:\/\/www.intermaxrentacar.rs\/taxi-booking\/#primaryimage\",\"url\":\"https:\/\/www.intermaxrentacar.rs\/wp-content\/uploads\/2025\/05\/logo.jpg\",\"contentUrl\":\"https:\/\/www.intermaxrentacar.rs\/wp-content\/uploads\/2025\/05\/logo.jpg\"},{\"@type\":\"BreadcrumbList\",\"@id\":\"https:\/\/www.intermaxrentacar.rs\/taxi-booking\/#breadcrumb\",\"itemListElement\":[{\"@type\":\"ListItem\",\"position\":1,\"name\":\"Home\",\"item\":\"https:\/\/www.intermaxrentacar.rs\/\"},{\"@type\":\"ListItem\",\"position\":2,\"name\":\"Rezervacija vozila\"}]},{\"@type\":\"WebSite\",\"@id\":\"https:\/\/www.intermaxrentacar.rs\/#website\",\"url\":\"https:\/\/www.intermaxrentacar.rs\/\",\"name\":\"Inter Max\",\"description\":\"\",\"publisher\":{\"@id\":\"https:\/\/www.intermaxrentacar.rs\/#organization\"},\"potentialAction\":[{\"@type\":\"SearchAction\",\"target\":{\"@type\":\"EntryPoint\",\"urlTemplate\":\"https:\/\/www.intermaxrentacar.rs\/?s={search_term_string}\"},\"query-input\":{\"@type\":\"PropertyValueSpecification\",\"valueRequired\":true,\"valueName\":\"search_term_string\"}}],\"inLanguage\":\"en-US\"},{\"@type\":\"Organization\",\"@id\":\"https:\/\/www.intermaxrentacar.rs\/#organization\",\"name\":\"Inter Max\",\"url\":\"https:\/\/www.intermaxrentacar.rs\/\",\"logo\":{\"@type\":\"ImageObject\",\"inLanguage\":\"en-US\",\"@id\":\"https:\/\/www.intermaxrentacar.rs\/#\/schema\/logo\/image\/\",\"url\":\"https:\/\/www.intermaxrentacar.rs\/wp-content\/uploads\/2025\/05\/cropped-cropped-logo.jpg\",\"contentUrl\":\"https:\/\/www.intermaxrentacar.rs\/wp-content\/uploads\/2025\/05\/cropped-cropped-logo.jpg\",\"width\":512,\"height\":512,\"caption\":\"Inter Max\"},\"image\":{\"@id\":\"https:\/\/www.intermaxrentacar.rs\/#\/schema\/logo\/image\/\"}}]}<\/script>\n<!-- \/ Yoast SEO plugin. -->","yoast_head_json":{"title":"Rezervacija vozila - Intermax Rent A Car","robots":{"index":"index","follow":"follow","max-snippet":"max-snippet:-1","max-image-preview":"max-image-preview:large","max-video-preview":"max-video-preview:-1"},"canonical":"https:\/\/www.intermaxrentacar.rs\/en\/taxi-booking\/","og_locale":"en_US","og_type":"article","og_title":"Rezervacija vozila - Intermax Rent A Car","og_description":"Rezervi\u0161ite vozilo Lokacija preuzimanja Lokacija vra\u0107anja Datum preuzimanja Datum vra\u0107anja Izaberite vozilo \u0160koda Superb 2021Mercedes E-Klasa 2019Mercedes Vito 2021 (8+1)Mercedes V Klasa 2023 (6+1)Mercedes V Klasa 2023 (7+1) Rezervi\u0161ite vozilo","og_url":"https:\/\/www.intermaxrentacar.rs\/en\/taxi-booking\/","og_site_name":"Intermax Rent A Car","article_modified_time":"2025-06-12T16:40:06+00:00","og_image":[{"url":"https:\/\/www.intermaxrentacar.rs\/wp-content\/uploads\/2025\/05\/logo.jpg","type":"","width":"","height":""}],"twitter_card":"summary_large_image","schema":{"@context":"https:\/\/schema.org","@graph":[{"@type":"WebPage","@id":"https:\/\/www.intermaxrentacar.rs\/taxi-booking\/","url":"https:\/\/www.intermaxrentacar.rs\/taxi-booking\/","name":"Rezervacija vozila - Intermax Rent A Car","isPartOf":{"@id":"https:\/\/www.intermaxrentacar.rs\/#website"},"primaryImageOfPage":{"@id":"https:\/\/www.intermaxrentacar.rs\/taxi-booking\/#primaryimage"},"image":{"@id":"https:\/\/www.intermaxrentacar.rs\/taxi-booking\/#primaryimage"},"thumbnailUrl":"https:\/\/www.intermaxrentacar.rs\/wp-content\/uploads\/2025\/05\/logo.jpg","datePublished":"2025-04-30T16:23:08+00:00","dateModified":"2025-06-12T16:40:06+00:00","breadcrumb":{"@id":"https:\/\/www.intermaxrentacar.rs\/taxi-booking\/#breadcrumb"},"inLanguage":"en-US","potentialAction":[{"@type":"ReadAction","target":["https:\/\/www.intermaxrentacar.rs\/taxi-booking\/"]}]},{"@type":"ImageObject","inLanguage":"en-US","@id":"https:\/\/www.intermaxrentacar.rs\/taxi-booking\/#primaryimage","url":"https:\/\/www.intermaxrentacar.rs\/wp-content\/uploads\/2025\/05\/logo.jpg","contentUrl":"https:\/\/www.intermaxrentacar.rs\/wp-content\/uploads\/2025\/05\/logo.jpg"},{"@type":"BreadcrumbList","@id":"https:\/\/www.intermaxrentacar.rs\/taxi-booking\/#breadcrumb","itemListElement":[{"@type":"ListItem","position":1,"name":"Home","item":"https:\/\/www.intermaxrentacar.rs\/"},{"@type":"ListItem","position":2,"name":"Rezervacija vozila"}]},{"@type":"WebSite","@id":"https:\/\/www.intermaxrentacar.rs\/#website","url":"https:\/\/www.intermaxrentacar.rs\/","name":"Inter Max","description":"","publisher":{"@id":"https:\/\/www.intermaxrentacar.rs\/#organization"},"potentialAction":[{"@type":"SearchAction","target":{"@type":"EntryPoint","urlTemplate":"https:\/\/www.intermaxrentacar.rs\/?s={search_term_string}"},"query-input":{"@type":"PropertyValueSpecification","valueRequired":true,"valueName":"search_term_string"}}],"inLanguage":"en-US"},{"@type":"Organization","@id":"https:\/\/www.intermaxrentacar.rs\/#organization","name":"Inter Max","url":"https:\/\/www.intermaxrentacar.rs\/","logo":{"@type":"ImageObject","inLanguage":"en-US","@id":"https:\/\/www.intermaxrentacar.rs\/#\/schema\/logo\/image\/","url":"https:\/\/www.intermaxrentacar.rs\/wp-content\/uploads\/2025\/05\/cropped-cropped-logo.jpg","contentUrl":"https:\/\/www.intermaxrentacar.rs\/wp-content\/uploads\/2025\/05\/cropped-cropped-logo.jpg","width":512,"height":512,"caption":"Inter Max"},"image":{"@id":"https:\/\/www.intermaxrentacar.rs\/#\/schema\/logo\/image\/"}}]}},"_links":{"self":[{"href":"https:\/\/www.intermaxrentacar.rs\/en\/wp-json\/wp\/v2\/pages\/535","targetHints":{"allow":["GET"]}}],"collection":[{"href":"https:\/\/www.intermaxrentacar.rs\/en\/wp-json\/wp\/v2\/pages"}],"about":[{"href":"https:\/\/www.intermaxrentacar.rs\/en\/wp-json\/wp\/v2\/types\/page"}],"author":[{"embeddable":true,"href":"https:\/\/www.intermaxrentacar.rs\/en\/wp-json\/wp\/v2\/users\/1"}],"replies":[{"embeddable":true,"href":"https:\/\/www.intermaxrentacar.rs\/en\/wp-json\/wp\/v2\/comments?post=535"}],"version-history":[{"count":7,"href":"https:\/\/www.intermaxrentacar.rs\/en\/wp-json\/wp\/v2\/pages\/535\/revisions"}],"predecessor-version":[{"id":1512,"href":"https:\/\/www.intermaxrentacar.rs\/en\/wp-json\/wp\/v2\/pages\/535\/revisions\/1512"}],"wp:attachment":[{"href":"https:\/\/www.intermaxrentacar.rs\/en\/wp-json\/wp\/v2\/media?parent=535"}],"curies":[{"name":"wp","href":"https:\/\/api.w.org\/{rel}","templated":true}]}}